{"id":228,"date":"2015-02-22T21:37:52","date_gmt":"2015-02-22T20:37:52","guid":{"rendered":"http:\/\/pribram.casd.cz\/?page_id=228"},"modified":"2018-05-10T23:04:20","modified_gmt":"2018-05-10T21:04:20","slug":"k-zapujceni","status":"publish","type":"page","link":"https:\/\/pribram.casd.cz\/?page_id=228","title":{"rendered":"K zap\u016fj\u010den\u00ed"},"content":{"rendered":"<h3><strong>Tyto tituly V\u00e1m po domluv\u011b r\u00e1di zdarma zap\u016fj\u010d\u00edme, nebo si je m\u016f\u017eete p\u0159ij\u00edt vyp\u016fj\u010dit v na\u0161\u00ed sborov\u00e9 knihovni\u010dce ka\u017ed\u00fd \u010dtvrtek od 18 do 19 hod.<\/strong><\/h3>\n<p>&nbsp;<\/p>\n<h4>Bible st\u0159edn\u00ed (\u010cEP)<br \/>\nBible mal\u00e1\u00a0\u00a0\u00a0 (\u010cEP)<br \/>\n\u017divotn\u00ed probl\u00e9my o\u010dima k\u0159es\u0165an\u016f (Ch.Wright)<br \/>\nTouha v\u011bk\u016f (E.G.Whiteov\u00e1)<br \/>\nRady pro c\u00edrkev (E.G.Whiteov\u00e1)<br \/>\nD\u011bjiny CASD v \u010cech\u00e1ch na Morav\u011b a ve Slezsku (J.Pi\u0161kula)<br \/>\nP\u0159i\u0161el, zem\u0159el zv\u00edt\u011bzil (R.Daniel)<br \/>\nPastor\u016fv blog (V.F\u00fcrst)<br \/>\nSyndrom vyho\u0159en\u00ed a jak jej zvl\u00e1dnout (Ch.Stock)<br \/>\nSetk\u00e1n\u00ed s E.G.W (G.R.Knight)<br \/>\n7 + 7 x 7 (S.Bielik)<br \/>\nApokalyptick\u00e1 vize a vykle\u0161t\u011bn\u00ed adventizmu (G.R.Knight)<br \/>\nBolesti hlavy (R.C.Gelabert)<br \/>\nCo Bible \u0159\u00edk\u00e1 o konci \u010dasu (J.Paulien)<br \/>\nDetektiv Zack a ukraden\u00fd artefakt (J.D.Thomas)<br \/>\nDetektiv Zack a z\u00e1hada potopy (J.D.Thomas)<br \/>\nHled\u00e1n\u00ed identity (G.R.Knight)<br \/>\nKlub Anonymn\u00edch poru\u0161ova\u010d\u016f slib\u016f (B.Jetelina)<br \/>\nKohouti kokrhaj\u00ed v\u0161ude stejn\u011b (J.B\u00e1rta)<br \/>\nK\u0159es\u0165anem dnes \u2026 (J+M Drejnarovi)<br \/>\nNov\u00e1 setk\u00e1n\u00ed s Bohem (J.Paulien)<br \/>\nPavlovy listy Tesalonick\u00fdm (J.Paulien)<br \/>\nProroci jsou lid\u00e9 (G.Bradford)<br \/>\nP\u0159es bolest k odpu\u0161t\u011bn\u00ed (D.Wagenknecht)<br \/>\nSem\u00ednka (A.L.Koekkoek)<br \/>\n\u0160ifra mistra Leonarda rozlu\u0161t\u011bna (G.Kent+P.Rodionoff)<br \/>\nTajemstv\u00ed budoucnosti (L.\u0160vih\u00e1lek)<br \/>\nVelk\u00e9 drama v\u011bk\u016f (E.G.Whiteov\u00e1)<br \/>\nV\u00edra krok za krokem (R.Bruinsma)<br \/>\nVrabcova p\u00edse\u0148 o nad\u011bji (L.\u0160vih\u00e1lek)<br \/>\nZa branami smrti (G.Wheeler)<br \/>\nZa\u010dalo to zklam\u00e1n\u00edm (V.F\u00fcrst)<br \/>\n\u017divot bez deprese (N.Nedley)<br \/>\nRevoluce v c\u00edrkvi (R.Burrill)<br \/>\nPrincipy vysly\u0161en\u00fdch modliteb (K.Nowak)<br \/>\nZlat\u00e9 ruce (B.Carson)<br \/>\nSpisy apo\u0161tolsk\u00fdch otc\u016f (D.Dr\u00e1pal a kol.)<br \/>\nSv\u011bdectv\u00ed pro c\u00edrkev 1 (E.G.Whiteov\u00e1)<br \/>\nSv\u011bdectv\u00ed pro c\u00edrkev 2 (E.G.Whiteov\u00e1)<br \/>\nSv\u011bdectv\u00ed pro c\u00edrkev 3 (E.G.Whiteov\u00e1)<br \/>\nSv\u011bdectv\u00ed pro c\u00edrkev 4 (E.G.Whiteov\u00e1)<br \/>\nSv\u011bdectv\u00ed pro c\u00edrkev 5 (E.G.Whiteov\u00e1)<br \/>\nSv\u011bdectv\u00ed pro c\u00edrkev 6 -7 (E.G.Whiteov\u00e1)<br \/>\nSv\u011bdectv\u00ed pro c\u00edrkev 8 -9 (E.G.Whiteov\u00e1)<br \/>\nEvangelium podle Moj\u017e\u00ed\u0161e (J.Moskala)<br \/>\nEmocion\u00e1ln\u011b zdrav\u00e1 c\u00edrkev (P.Scazzero+W.Bird)<br \/>\nHork\u00e1 linka k Nejvy\u0161\u0161\u00edmu (E.Gallagher)<br \/>\nZcela z milosti (Ch.H.Spurgeon)<br \/>\nTouha po Bohu (J.L.Dybdahl)<br \/>\nMilost ve vztaz\u00edch<br \/>\nPodobenstv\u00ed o Bo\u017e\u00ed milosti (M.Venden)<br \/>\nJak Je\u017e\u00ed\u0161 jednal s lidmi (M.Venden)<br \/>\nZem\u0159u svobodn\u00fd (N.Alexander+K.D.Rizzo)<br \/>\nKdo seje v\u00edtr skl\u00edz\u00ed bou\u0159i (J.Crews)<br \/>\nAdventist\u00e9 sedm\u00e9ho dne v\u011b\u0159\u00ed&#8230;<\/h4>\n<h4>\u017dijeme nad\u011bj\u00ed<\/h4>\n<p>Soubor videokazet NET 98 (31ks)<br \/>\nSoubor videokazet NET 99 (5ks)<br \/>\nSoubor videokazet Hled\u00e1n\u00ed (5ks)<br \/>\nSoubor videokazet Hled\u00e1n\u00ed (5ks)<br \/>\nVideokazeta Kluby zdrav\u00ed (2ks)<\/p>\n","protected":false},"excerpt":{"rendered":"<p>Tyto tituly V\u00e1m po domluv\u011b r\u00e1di zdarma zap\u016fj\u010d\u00edme, nebo si je m\u016f\u017eete p\u0159ij\u00edt vyp\u016fj\u010dit v na\u0161\u00ed sborov\u00e9 knihovni\u010dce ka\u017ed\u00fd \u010dtvrtek od 18 do 19 hod. &nbsp; Bible st\u0159edn\u00ed (\u010cEP) Bible mal\u00e1\u00a0\u00a0\u00a0 (\u010cEP) \u017divotn\u00ed probl\u00e9my o\u010dima k\u0159es\u0165an\u016f (Ch.Wright) Touha v\u011bk\u016f (E.G.Whiteov\u00e1) Rady pro c\u00edrkev (E.G.Whiteov\u00e1) D\u011bjiny CASD v \u010cech\u00e1ch na Morav\u011b a ve Slezsku (J.Pi\u0161kula) P\u0159i\u0161el,&hellip;<\/p>\n","protected":false},"author":1,"featured_media":0,"parent":0,"menu_order":0,"comment_status":"closed","ping_status":"closed","template":"","meta":{"ngg_post_thumbnail":0,"footnotes":""},"class_list":["post-228","page","type-page","status-publish","hentry"],"_links":{"self":[{"href":"https:\/\/pribram.casd.cz\/index.php?rest_route=\/wp\/v2\/pages\/228","targetHints":{"allow":["GET"]}}],"collection":[{"href":"https:\/\/pribram.casd.cz\/index.php?rest_route=\/wp\/v2\/pages"}],"about":[{"href":"https:\/\/pribram.casd.cz\/index.php?rest_route=\/wp\/v2\/types\/page"}],"author":[{"embeddable":true,"href":"https:\/\/pribram.casd.cz\/index.php?rest_route=\/wp\/v2\/users\/1"}],"replies":[{"embeddable":true,"href":"https:\/\/pribram.casd.cz\/index.php?rest_route=%2Fwp%2Fv2%2Fcomments&post=228"}],"version-history":[{"count":11,"href":"https:\/\/pribram.casd.cz\/index.php?rest_route=\/wp\/v2\/pages\/228\/revisions"}],"predecessor-version":[{"id":1011,"href":"https:\/\/pribram.casd.cz\/index.php?rest_route=\/wp\/v2\/pages\/228\/revisions\/1011"}],"wp:attachment":[{"href":"https:\/\/pribram.casd.cz\/index.php?rest_route=%2Fwp%2Fv2%2Fmedia&parent=228"}],"curies":[{"name":"wp","href":"https:\/\/api.w.org\/{rel}","templated":true}]}}