{"id":230,"date":"2015-02-22T21:40:17","date_gmt":"2015-02-22T20:40:17","guid":{"rendered":"http:\/\/pribram.casd.cz\/?page_id=230"},"modified":"2021-11-25T10:36:21","modified_gmt":"2021-11-25T09:36:21","slug":"darujeme","status":"publish","type":"page","link":"https:\/\/pribram.casd.cz\/?page_id=230","title":{"rendered":"Darujeme"},"content":{"rendered":"<h3><strong>Tyto tituly V\u00e1m po domluv\u011b r\u00e1di darujeme:<\/strong><\/h3>\n<p>&nbsp;<\/p>\n<h4><strong>Velk\u00fd spor v\u011bk\u016f (E.G.Whiteov\u00e1)<\/strong><\/h4>\n<h4><strong><a href=\"http:\/\/www.advent-orion.cz\/knihy\/krizem-krazem-na-scene\">K\u0159\u00ed\u017eem kr\u00e1\u017eem (K.Novak)<\/a><\/strong><br \/>\n<strong> <a href=\"http:\/\/www.advent-orion.cz\/knihy\/-za-hranici-predstavivosti\">Za hranic\u00ed p\u0159edstavivosti (Baldwin\/Gibson\/Thomas)<\/a><\/strong><br \/>\n<strong> <a href=\"https:\/\/vufind.mzk.cz\/Record\/MZK01-001433150\">Tajemstv\u00ed ze sv\u011bta p\u0159\u00edrody\u2013rostliny (R.Junker)<\/a><\/strong><br \/>\n<strong> <a href=\"http:\/\/www.advent-orion.cz\/knihy\/velka-nadeje\">Velk\u00e1 nad\u011bje (E.G.Whiteov\u00e1)<\/a><\/strong><\/h4>\n","protected":false},"excerpt":{"rendered":"<p>Tyto tituly V\u00e1m po domluv\u011b r\u00e1di darujeme: &nbsp; Velk\u00fd spor v\u011bk\u016f (E.G.Whiteov\u00e1) K\u0159\u00ed\u017eem kr\u00e1\u017eem (K.Novak) Za hranic\u00ed p\u0159edstavivosti (Baldwin\/Gibson\/Thomas) Tajemstv\u00ed ze sv\u011bta p\u0159\u00edrody\u2013rostliny (R.Junker) Velk\u00e1 nad\u011bje (E.G.Whiteov\u00e1)<\/p>\n","protected":false},"author":1,"featured_media":0,"parent":0,"menu_order":0,"comment_status":"closed","ping_status":"closed","template":"","meta":{"ngg_post_thumbnail":0,"footnotes":""},"class_list":["post-230","page","type-page","status-publish","hentry"],"_links":{"self":[{"href":"https:\/\/pribram.casd.cz\/index.php?rest_route=\/wp\/v2\/pages\/230","targetHints":{"allow":["GET"]}}],"collection":[{"href":"https:\/\/pribram.casd.cz\/index.php?rest_route=\/wp\/v2\/pages"}],"about":[{"href":"https:\/\/pribram.casd.cz\/index.php?rest_route=\/wp\/v2\/types\/page"}],"author":[{"embeddable":true,"href":"https:\/\/pribram.casd.cz\/index.php?rest_route=\/wp\/v2\/users\/1"}],"replies":[{"embeddable":true,"href":"https:\/\/pribram.casd.cz\/index.php?rest_route=%2Fwp%2Fv2%2Fcomments&post=230"}],"version-history":[{"count":5,"href":"https:\/\/pribram.casd.cz\/index.php?rest_route=\/wp\/v2\/pages\/230\/revisions"}],"predecessor-version":[{"id":1542,"href":"https:\/\/pribram.casd.cz\/index.php?rest_route=\/wp\/v2\/pages\/230\/revisions\/1542"}],"wp:attachment":[{"href":"https:\/\/pribram.casd.cz\/index.php?rest_route=%2Fwp%2Fv2%2Fmedia&parent=230"}],"curies":[{"name":"wp","href":"https:\/\/api.w.org\/{rel}","templated":true}]}}