{"id":256,"date":"2015-02-23T15:45:31","date_gmt":"2015-02-23T14:45:31","guid":{"rendered":"http:\/\/pribram.casd.cz\/?page_id=256"},"modified":"2022-02-19T22:40:05","modified_gmt":"2022-02-19T21:40:05","slug":"ke-studiu","status":"publish","type":"page","link":"https:\/\/pribram.casd.cz\/?page_id=256","title":{"rendered":"Ke sta\u017een\u00ed"},"content":{"rendered":"<h3><strong>Bible<\/strong><\/h3>\n<p><strong><a href=\"http:\/\/knihy.8u.cz\/data\/bible21.pdf\">Bible 21<\/a>&nbsp;&nbsp;&nbsp;&nbsp; <a href=\"http:\/\/knihy.8u.cz\/upload\/ekumenicky-preklad.pdf\">Bible &#8211; Ekumenick\u00fd p\u0159eklad<\/a>&nbsp;&nbsp;&nbsp;&nbsp; <a href=\"http:\/\/knihy.8u.cz\/upload\/bible-kralicka.pdf\">Bible kralick\u00e1<\/a> &nbsp; &nbsp; <a href=\"http:\/\/knihy.8u.cz\/upload\/bible-pavlik.pdf\">Bible &#8211; Studijn\u00ed p\u0159eklad<\/a><\/strong><\/p>\n<h3><strong>C\u00edrkevn\u00ed dokumenty<br \/>\n<\/strong><\/h3>\n<h4><strong><a href=\"http:\/\/www.casd.cz\/wp-content\/uploads\/2013\/11\/2014_%C3%9Astava_CASD.pdf\">\u00dastava CASD<\/a><\/strong><\/h4>\n<h4><strong><a href=\"http:\/\/www2.casd.cz\/mss\/dokumenty\/cirkevni_rad_2011.pdf\">C\u00edrkevn\u00ed \u0159\u00e1d<\/a><\/strong><\/h4>\n<h4><strong><a href=\"http:\/\/www.advent-orion.cz\/UserFiles\/file\/edoc\/pdf\/adventiste%20sedmeho%20dne%20veri.pdf\">Adventist\u00e9 sedm\u00e9ho dne v\u011b\u0159\u00ed<\/a><\/strong><\/h4>\n<h3><strong>Knihy<\/strong><\/h3>\n<h4><strong><a href=\"http:\/\/knihy.8u.cz\/data\/na-usvitu-dejin.pdf\">Na \u00fasvitu d\u011bjin<\/a><\/strong><\/h4>\n<h4><strong><a href=\"http:\/\/knihy.8u.cz\/data\/od-slavy-k-upadku.pdf\">Od sl\u00e1vy k \u00fapadku<\/a><\/strong><\/h4>\n<h4><strong><a href=\"http:\/\/knihy.8u.cz\/data\/touha-veku.pdf\">Touha v\u011bk\u016f<\/a><\/strong><\/h4>\n<h4><strong><a href=\"http:\/\/knihy.8u.cz\/data\/poslove-nadeje-a-lasky.pdf\">Poslov\u00e9 nad\u011bje a l\u00e1sky<\/a><\/strong><\/h4>\n<h4><strong><a href=\"http:\/\/knihy.8u.cz\/data\/velky-spor-veku.pdf\">Velk\u00fd spor v\u011bk\u016f<\/a><\/strong><\/h4>\n<h3><strong>Archiv k\u00e1z\u00e1n\u00ed\/ p\u0159edn\u00e1\u0161ek v mp3<br \/>\n<\/strong><\/h3>\n<p><a href=\"https:\/\/drive.google.com\/drive\/folders\/1DSGMrTCNf38JpgWHsARxxvV99Ars5VZ7?usp=sharing\">https:\/\/drive.google.com\/drive\/folders\/1DSGMrTCNf38JpgWHsARxxvV99Ars5VZ7?usp=sharing<\/a><\/p>\n<p><strong>P\u0159edn\u00e1\u0161ka Okultismus kolem n\u00e1s<\/strong> (L.Hoda\u010d)<\/p>\n<p><iframe loading=\"lazy\" title=\"Okultismus kolem n\u00e1s a jak se mu br\u00e1nit 1. d\u00edl - Ladislav Hoda\u010d\" width=\"700\" height=\"394\" src=\"https:\/\/www.youtube.com\/embed\/iygoxLFpULw?list=PLSDt0N_mz0OHR_p3Sm38NoQuW71yiBy1j\" frameborder=\"0\" allow=\"accelerometer; autoplay; clipboard-write; encrypted-media; gyroscope; picture-in-picture\" allowfullscreen><\/iframe><\/p>\n<p><strong>P\u0159edn\u00e1\u0161ka Cesta ke vzniku \u010ceskoslovensk\u00e9 republiky<\/strong> (L.Svr\u010dek)<\/p>\n<p><iframe loading=\"lazy\" title=\"P\u0159edn\u00e1\u0161ka 181015 Svr\u010dek L. - Cesta ke vzniku \u010cSR v kontextu duchovn\u00edho v\u00fdvoje na\u0161ich d\u011bjin\" width=\"700\" height=\"394\" src=\"https:\/\/www.youtube.com\/embed\/LGIq2gRc9VI?feature=oembed\" frameborder=\"0\" allow=\"accelerometer; autoplay; clipboard-write; encrypted-media; gyroscope; picture-in-picture\" allowfullscreen><\/iframe><\/p>\n<p><strong>P\u0159edn\u00e1\u0161ka Komunikace s mrtv\u00fdmi<\/strong> (P.Smolka)<\/p>\n<p><iframe loading=\"lazy\" title=\"P\u0159edn\u00e1\u0161ka 181101 P. Smolka Komunikace s mrtv\u00fdmi jak ji p\u0159edstavuje Bible\" width=\"700\" height=\"394\" src=\"https:\/\/www.youtube.com\/embed\/YIPunfTf3JA?feature=oembed\" frameborder=\"0\" allow=\"accelerometer; autoplay; clipboard-write; encrypted-media; gyroscope; picture-in-picture\" allowfullscreen><\/iframe><\/p>\n<p>&nbsp;<\/p>\n<p>&nbsp;<\/p>\n","protected":false},"excerpt":{"rendered":"<p>Bible Bible 21&nbsp;&nbsp;&nbsp;&nbsp; Bible &#8211; Ekumenick\u00fd p\u0159eklad&nbsp;&nbsp;&nbsp;&nbsp; Bible kralick\u00e1 &nbsp; &nbsp; Bible &#8211; Studijn\u00ed p\u0159eklad C\u00edrkevn\u00ed dokumenty \u00dastava CASD C\u00edrkevn\u00ed \u0159\u00e1d Adventist\u00e9 sedm\u00e9ho dne v\u011b\u0159\u00ed Knihy Na \u00fasvitu d\u011bjin Od sl\u00e1vy k \u00fapadku Touha v\u011bk\u016f Poslov\u00e9 nad\u011bje a l\u00e1sky Velk\u00fd spor v\u011bk\u016f Archiv k\u00e1z\u00e1n\u00ed\/ p\u0159edn\u00e1\u0161ek v mp3 https:\/\/drive.google.com\/drive\/folders\/1DSGMrTCNf38JpgWHsARxxvV99Ars5VZ7?usp=sharing P\u0159edn\u00e1\u0161ka Okultismus kolem n\u00e1s (L.Hoda\u010d) P\u0159edn\u00e1\u0161ka Cesta&hellip;<\/p>\n","protected":false},"author":1,"featured_media":0,"parent":0,"menu_order":0,"comment_status":"closed","ping_status":"closed","template":"","meta":{"ngg_post_thumbnail":0,"footnotes":""},"class_list":["post-256","page","type-page","status-publish","hentry"],"_links":{"self":[{"href":"https:\/\/pribram.casd.cz\/index.php?rest_route=\/wp\/v2\/pages\/256","targetHints":{"allow":["GET"]}}],"collection":[{"href":"https:\/\/pribram.casd.cz\/index.php?rest_route=\/wp\/v2\/pages"}],"about":[{"href":"https:\/\/pribram.casd.cz\/index.php?rest_route=\/wp\/v2\/types\/page"}],"author":[{"embeddable":true,"href":"https:\/\/pribram.casd.cz\/index.php?rest_route=\/wp\/v2\/users\/1"}],"replies":[{"embeddable":true,"href":"https:\/\/pribram.casd.cz\/index.php?rest_route=%2Fwp%2Fv2%2Fcomments&post=256"}],"version-history":[{"count":5,"href":"https:\/\/pribram.casd.cz\/index.php?rest_route=\/wp\/v2\/pages\/256\/revisions"}],"predecessor-version":[{"id":1600,"href":"https:\/\/pribram.casd.cz\/index.php?rest_route=\/wp\/v2\/pages\/256\/revisions\/1600"}],"wp:attachment":[{"href":"https:\/\/pribram.casd.cz\/index.php?rest_route=%2Fwp%2Fv2%2Fmedia&parent=256"}],"curies":[{"name":"wp","href":"https:\/\/api.w.org\/{rel}","templated":true}]}}