{"id":37,"date":"2014-10-28T14:12:43","date_gmt":"2014-10-28T13:12:43","guid":{"rendered":"http:\/\/pribram.casd.cz\/?page_id=37"},"modified":"2025-11-17T22:17:15","modified_gmt":"2025-11-17T21:17:15","slug":"kontakt","status":"publish","type":"page","link":"https:\/\/pribram.casd.cz\/?page_id=37","title":{"rendered":"Kontakt"},"content":{"rendered":"<h3><strong>Adresa sborov\u00e9 modlitebny:<\/strong><\/h3>\n<h6>\u010ceskoslovensk\u00e9 arm\u00e1dy 5<\/h6>\n<h6>P\u0159\u00edbram IV<\/h6>\n<h6>261 01<\/h6>\n<h3><strong>Kontaktn\u00ed adresa:<\/strong><\/h3>\n<h4>Komensk\u00e9ho 406<\/h4>\n<h4>P\u0159\u00edbram VII<\/h4>\n<h4>261 01<\/h4>\n<h3><strong>Kontaktn\u00ed osoby:<\/strong><\/h3>\n<h4><span class=\"st\">Ing. Mgr. Mikul\u00e1\u0161 Pavl\u00edk BTh.<\/span>, M.A., kazatel, +420 775 727 299<\/h4>\n<h4>Ing. Teodor Knobloch, vedouc\u00ed sboru, +420&nbsp;724&nbsp;211 491<\/h4>\n<address>&nbsp;<\/address><address><strong>M\u00e1te ot\u00e1zky, chcete se n\u011bco zeptat? Zaj\u00edm\u00e1 v\u00e1s cokoli o k\u0159es\u0165anstv\u00ed, Bohu, v\u00ed\u0159e? Chcete se dozv\u011bd\u011bt v\u00edc o p\u0159\u00edbramsk\u00e9m sboru, o C\u00edrkvi adventist\u016f&nbsp;s.d., nebo&nbsp;se jen pod\u011blit o vlastn\u00ed n\u00e1zor, n\u00e1m\u011bt, zku\u0161enost?Nev\u00e1hejte n\u00e1s kontaktovat na e-mailov\u00e9 adrese: <a href=\"mailto:casdpribram@seznam.cz\">casdpribram@seznam.cz<\/a><\/strong><\/address>\n<h3>&nbsp;<strong>Facebook sboru:<\/strong><\/h3>\n<p><strong><a href=\"https:\/\/cs-cz.facebook.com\/pages\/C%C3%ADrkev-adventist%C5%AF-sd-P%C5%99%C3%ADbram\/368920569827325\">https:\/\/cs-cz.facebook.com\/pages\/C%C3%ADrkev-adventist%C5%AF-sd-P%C5%99%C3%ADbram\/368920569827325<\/a><\/strong><\/p>\n<p>&nbsp;<\/p>\n<h3><strong>\u00da\u010det sboru:<\/strong> 2801639479 \/ 2010<\/h3>\n\n","protected":false},"excerpt":{"rendered":"<p>Adresa sborov\u00e9 modlitebny: \u010ceskoslovensk\u00e9 arm\u00e1dy 5 P\u0159\u00edbram IV 261 01 Kontaktn\u00ed adresa: Komensk\u00e9ho 406 P\u0159\u00edbram VII 261 01 Kontaktn\u00ed osoby: Ing. Mgr. Mikul\u00e1\u0161 Pavl\u00edk BTh., M.A., kazatel, +420 775 727 299 Ing. Teodor Knobloch, vedouc\u00ed sboru, +420&nbsp;724&nbsp;211 491 &nbsp; M\u00e1te ot\u00e1zky, chcete se n\u011bco zeptat? Zaj\u00edm\u00e1 v\u00e1s cokoli o k\u0159es\u0165anstv\u00ed, Bohu, v\u00ed\u0159e? Chcete se dozv\u011bd\u011bt&hellip;<\/p>\n","protected":false},"author":1,"featured_media":0,"parent":0,"menu_order":0,"comment_status":"open","ping_status":"open","template":"","meta":{"ngg_post_thumbnail":0,"footnotes":""},"class_list":["post-37","page","type-page","status-publish","hentry"],"_links":{"self":[{"href":"https:\/\/pribram.casd.cz\/index.php?rest_route=\/wp\/v2\/pages\/37","targetHints":{"allow":["GET"]}}],"collection":[{"href":"https:\/\/pribram.casd.cz\/index.php?rest_route=\/wp\/v2\/pages"}],"about":[{"href":"https:\/\/pribram.casd.cz\/index.php?rest_route=\/wp\/v2\/types\/page"}],"author":[{"embeddable":true,"href":"https:\/\/pribram.casd.cz\/index.php?rest_route=\/wp\/v2\/users\/1"}],"replies":[{"embeddable":true,"href":"https:\/\/pribram.casd.cz\/index.php?rest_route=%2Fwp%2Fv2%2Fcomments&post=37"}],"version-history":[{"count":5,"href":"https:\/\/pribram.casd.cz\/index.php?rest_route=\/wp\/v2\/pages\/37\/revisions"}],"predecessor-version":[{"id":2226,"href":"https:\/\/pribram.casd.cz\/index.php?rest_route=\/wp\/v2\/pages\/37\/revisions\/2226"}],"wp:attachment":[{"href":"https:\/\/pribram.casd.cz\/index.php?rest_route=%2Fwp%2Fv2%2Fmedia&parent=37"}],"curies":[{"name":"wp","href":"https:\/\/api.w.org\/{rel}","templated":true}]}}