{"id":39,"date":"2014-10-28T14:13:06","date_gmt":"2014-10-28T13:13:06","guid":{"rendered":"http:\/\/pribram.casd.cz\/?page_id=39"},"modified":"2019-04-11T17:01:42","modified_gmt":"2019-04-11T15:01:42","slug":"fotogalerie","status":"publish","type":"page","link":"https:\/\/pribram.casd.cz\/?page_id=39","title":{"rendered":"O n\u00e1s"},"content":{"rendered":"<p style=\"text-align: justify;\">C\u00edrkev adventist\u016f sedm\u00e9ho dne (CASD) je celosv\u011btovou c\u00edrkv\u00ed, kter\u00e1 se hl\u00e1s\u00ed k odkazu reformace. Spolu se v\u0161emi k\u0159es\u0165any adventist\u00e9 vych\u00e1zej\u00ed z Bible a zakl\u00e1daj\u00ed svou v\u00edru na Je\u017e\u00ed\u0161i Kristu. Navazuj\u00ed na vzor apo\u0161tolsk\u00e9 c\u00edrkve, zalo\u017een\u00e9 Je\u017e\u00ed\u0161em Kristem. Z historie v\u00edme, \u017ee tomuto ide\u00e1lu se k\u0159es\u0165an\u00e9 brzy vzd\u00e1lili. Duchovn\u00ed a mravn\u00ed \u00fapadek ve st\u0159edov\u011bku vyprovokoval v mnoha lidech touhu po obnov\u011b. Reforma\u010dn\u00ed proces, veden\u00fd nap\u0159\u00edklad Mistrem Janem Husem, Martinem Lutherem nebo Janem Kalv\u00ednem zp\u016fsobil, \u017ee se \u010d\u00e1st k\u0159es\u0165anstva vydala na cestu k ide\u00e1lu p\u016fvodn\u00ed apo\u0161tolsk\u00e9 c\u00edrkve. V tomto reforma\u010dn\u00edm procesu v pr\u016fb\u011bhu dal\u0161\u00edch stolet\u00ed pokra\u010dovala r\u016fzn\u00e1 nov\u00e1 hnut\u00ed. Pietismus zd\u016fraz\u0148oval hlubokou vnit\u0159n\u00ed zbo\u017enost, milleristick\u00e9 hnut\u00ed ve Spojen\u00fdch st\u00e1tech k tomu je\u0161t\u011b p\u0159ipojilo d\u016fraz na studium biblick\u00fdch proroctv\u00ed a z nich vypl\u00fdvaj\u00edc\u00ed aktu\u00e1lnost Kristova druh\u00e9ho p\u0159\u00edchodu na na\u0161i Zem.<\/p>\n<p style=\"text-align: justify;\">C\u00edrkev adventist\u016f sedm\u00e9ho dne vyrostla pr\u00e1v\u011b z t\u011bchto duchovn\u00edch proud\u016f. Od roku 1844 vznikaly skupiny k\u0159es\u0165an\u016f, kter\u00e9 spojovala ryz\u00ed v\u00edra, pe\u010dliv\u00e9 studium Bible a pozn\u00e1n\u00ed, \u017ee sobota je biblick\u00fd den P\u00e1n\u011b. M\u011bli tak\u00e9 spole\u010dn\u00e9 p\u0159esv\u011bd\u010den\u00ed, \u017ee nastal posledn\u00ed \u00fasek lidsk\u00fdch d\u011bjin a Je\u017e\u00ed\u0161 Kristus se brzy vr\u00e1t\u00ed. V roce 1863 vytvo\u0159ili organizaci c\u00edrkve adventist\u016f sedm\u00e9ho dne. Od t\u00e9 doby se roz\u0161\u00ed\u0159ili po cel\u00e9m sv\u011bt\u011b a ve v\u0161ech zem\u00edch cht\u011bj\u00ed \u017e\u00edt a p\u016fsobit jako dob\u0159\u00ed sv\u011bdkov\u00e9 Je\u017e\u00ed\u0161e Krista.<\/p>\n<p style=\"text-align: justify;\">Dva charakteristick\u00e9 body v\u00edry adventist\u016f sedm\u00e9ho dne, jak jsou vyj\u00e1d\u0159eny u\u017e v samotn\u00e9m n\u00e1zvu, n\u00e1s vedou a\u017e na po\u010d\u00e1tek lidsk\u00e9 historie, do zahrady Eden. Tam byl Bohem ustanoven sedm\u00fd den t\u00fddne &#8211; sobota jako den odpo\u010dinku a tam rovn\u011b\u017e zazn\u011bl poprv\u00e9 Bo\u017e\u00ed slib o p\u0159\u00edchodu (adventu) na\u0161eho Spasitele.<\/p>\n<p style=\"text-align: justify;\">Adventist\u00e9 vyzn\u00e1vaj\u00ed, \u017ee Je\u017e\u00ed\u0161 Kristus je v\u011b\u010dn\u00fd Bo\u017e\u00ed Syn, zachr\u00e1nce v\u0161ech lid\u00ed, kte\u0159\u00ed ho miluj\u00ed a v\u00edrou jej p\u0159ij\u00edmaj\u00ed za sv\u00e9ho osobn\u00edho Spasitele. Bibli p\u0159ij\u00edmaj\u00ed jako nenahraditeln\u00e9 pravidlo v\u00edry a \u017eivota. O\u010dek\u00e1vaj\u00ed druh\u00fd osobn\u00ed a viditeln\u00fd p\u0159\u00edchod Je\u017e\u00ed\u0161e Krista na na\u0161i Zem jako P\u00e1na a Soudce vesm\u00edru. V\u011b\u0159\u00ed, \u017ee p\u0159i druh\u00e9m p\u0159\u00edchodu Je\u017e\u00ed\u0161e Krista v\u0161ichni, kte\u0159\u00ed v n\u011bj uv\u011b\u0159ili a byli poslu\u0161ni Bo\u017e\u00ed v\u016fle, z\u00edskaj\u00ed dar v\u011b\u010dn\u00e9ho \u017eivota.<\/p>\n<p style=\"text-align: justify;\">Desatero p\u0159ik\u00e1z\u00e1n\u00ed pokl\u00e1daj\u00ed za nem\u011bnn\u00e9 Bo\u017e\u00ed sm\u011brnice pro \u017eivot \u010dlov\u011bka na zemi, kter\u00e9 respektuj\u00ed ne proto, aby t\u00edm z\u00edskali spasen\u00ed, ale jako projev spole\u010denstv\u00ed s Bohem a v\u00fdraz \u00facty a l\u00e1sky k Bohu. Z tohoto d\u016fvodu tak\u00e9 zachov\u00e1vaj\u00ed sobotu (podle Bible sedm\u00fd den) jako Bohem ustanoven\u00fd den odpo\u010dinku. Ti, kdo se rozhodnou \u017e\u00edt podle Kristov\u00fdch z\u00e1sad , jsou v dosp\u011blosti pok\u0159t\u011bni k\u0159tem pono\u0159en\u00edm. K\u0159es\u0165ansk\u00fd \u017eivot zahrnuje cel\u00e9ho \u010dlov\u011bka a v\u0161echny jeho oblasti. Proto tak\u00e9 adventist\u00e9 kladou d\u016fraz na spr\u00e1vn\u00fd \u017eivotn\u00ed styl, jak ho p\u0159edstavuje Bible.<\/p>\n<p style=\"text-align: justify;\">V\u00e1\u017e\u00ed si \u017eivota a cht\u011bj\u00ed ho chr\u00e1nit. Ne\u017eij\u00ed ani asketicky ani rozma\u0159ile. Jsou p\u0159esv\u011bd\u010deni, \u017ee \u010dlov\u011bk m\u00e1 odpov\u011bdnost za sv\u00e9 zdrav\u00ed i zdrav\u00ed druh\u00fdch. Odm\u00edtaj\u00ed to, co ni\u010d\u00ed t\u011blo: alkohol, nikotin a drogy. Pom\u00e1haj\u00ed i jin\u00fdm osvobodit se od z\u00e1vislosti na t\u011bchto jedech. Jde jim tak\u00e9 o zdrav\u00e9 \u017eivotn\u00ed prost\u0159ed\u00ed v \u0161ir\u0161\u00edm pohledu. Na rodinu se d\u00edvaj\u00ed jako na Bo\u017e\u00ed dar z r\u00e1je. Sna\u017e\u00ed se, aby jejich domovy byly o\u00e1zou klidu, radosti a l\u00e1sky. V tomto \u00fasil\u00ed spol\u00e9haj\u00ed na Bo\u017e\u00ed pomoc. V Bibli nach\u00e1zej\u00ed mnoho nau\u010den\u00ed a rad pro \u0161\u0165astn\u00e9 man\u017eelstv\u00ed a v\u00fdchovu d\u011bt\u00ed. \u0158e\u0161en\u00ed man\u017eelsk\u00fdch kriz\u00ed rozvodem nepokl\u00e1daj\u00ed za spr\u00e1vn\u00e9. Jsou p\u0159esv\u011bd\u010deni, \u017ee z\u00e1kladem pevn\u00e9 rodiny je odpu\u0161t\u011bn\u00ed a prav\u00e1 l\u00e1ska.<\/p>\n<p style=\"text-align: justify;\">Pro adventisty sedm\u00e9ho dne \u010dlenstv\u00ed v c\u00edrkvi nen\u00ed jen form\u00e1ln\u00ed z\u00e1le\u017eitost\u00ed. Ka\u017ed\u00fd \u010dlen je sou\u010d\u00e1st\u00ed sboru, ve kter\u00e9m nach\u00e1z\u00ed z\u00e1zem\u00ed. Bohoslu\u017eby jsou prost\u00e9 a st\u0159\u00edzliv\u00e9, jejich j\u00e1dro tvo\u0159\u00ed studium a k\u00e1z\u00e1n\u00ed Bo\u017e\u00edho slova. Adventist\u00e9 usiluj\u00ed o d\u016fsledn\u00e9 uplat\u0148ov\u00e1n\u00ed odluky c\u00edrkve od st\u00e1tu. Jsou hospod\u00e1\u0159sky naprosto nez\u00e1visl\u00ed na st\u00e1tn\u00edch dotac\u00edch a cel\u00fd provoz c\u00edrkve hrad\u00ed z dobrovoln\u00fdch p\u0159\u00edsp\u011bvk\u016f v\u011b\u0159\u00edc\u00edch. Nejvy\u0161\u0161\u00edm org\u00e1nem c\u00edrkve je Gener\u00e1ln\u00ed konference, jej\u00ed\u017e v\u00fdkonn\u00fd v\u00fdbor m\u00e1 sv\u00e9 s\u00eddlo ve Washingtonu. \u010cesk\u00e1 republika je sou\u010d\u00e1st\u00ed \u010cesko &#8211; Slovensk\u00e9 unie se s\u00eddlem v Praze a d\u00e1le se d\u011bl\u00ed na \u010cesk\u00e9 a Moravskoslezsk\u00e9 sdru\u017een\u00ed.<\/p>\n<p style=\"text-align: justify;\">I kdy\u017e adventist\u00e9 ch\u00e1pou sv\u016fj \u017eivot jako p\u0159\u00edpravu na v\u011b\u010dn\u00fd \u017eivot v Kristov\u011b kr\u00e1lovstv\u00ed, nejsou zam\u011b\u0159eni pouze na nebeskou vlast. Maj\u00ed z\u00e1jem tak\u00e9 o sv\u011bt, ve kter\u00e9m \u017eij\u00ed a jeho pot\u0159eby. Je naprosto p\u0159irozen\u00e9, \u017ee to, co poznali a co pro\u017e\u00edvaj\u00ed, si necht\u011bj\u00ed nechat jen pro sebe. Maj\u00ed rozvinut\u00e9 dobro\u010dinn\u00e9 a misijn\u00ed d\u00edlo, poskytuj\u00ed materi\u00e1ln\u00ed a l\u00e9ka\u0159skou pomoc p\u0159i r\u016fzn\u00fdch katastrof\u00e1ch (ADRA) a sv\u00fdm vlivem cht\u011bj\u00ed p\u0159isp\u00edvat ke zlep\u0161en\u00ed mezilidsk\u00fdch vztah\u016f.<\/p>\n<p style=\"text-align: justify;\">P\u0159\u00edbramsk\u00fd sbor c\u00edrkve adventist\u016f s.d. je sou\u010d\u00e1st\u00ed \u010cesk\u00e9ho sdru\u017een\u00ed C\u00edrkve adventist\u016f s.d. (CASD).<\/p>\n<p style=\"text-align: justify;\">Kazatelem p\u0159\u00edbramsk\u00e9ho sboru je od z\u00e1\u0159\u00ed 2014 <strong>Pavel Smolka<\/strong>, kte\u00fd sou\u010dasn\u011b k\u00e1\u017ee tak\u00e9 ve sboru Sedl\u010dany.<\/p>\n<h1 style=\"text-align: justify;\"><\/h1>\n<p>&nbsp;<\/p>\n","protected":false},"excerpt":{"rendered":"<p>C\u00edrkev adventist\u016f sedm\u00e9ho dne (CASD) je celosv\u011btovou c\u00edrkv\u00ed, kter\u00e1 se hl\u00e1s\u00ed k odkazu reformace. Spolu se v\u0161emi k\u0159es\u0165any adventist\u00e9 vych\u00e1zej\u00ed z Bible a zakl\u00e1daj\u00ed svou v\u00edru na Je\u017e\u00ed\u0161i Kristu. Navazuj\u00ed na vzor apo\u0161tolsk\u00e9 c\u00edrkve, zalo\u017een\u00e9 Je\u017e\u00ed\u0161em Kristem. Z historie v\u00edme, \u017ee tomuto ide\u00e1lu se k\u0159es\u0165an\u00e9 brzy vzd\u00e1lili. Duchovn\u00ed a mravn\u00ed \u00fapadek ve st\u0159edov\u011bku vyprovokoval v&hellip;<\/p>\n","protected":false},"author":1,"featured_media":0,"parent":0,"menu_order":0,"comment_status":"open","ping_status":"open","template":"","meta":{"ngg_post_thumbnail":0,"footnotes":""},"class_list":["post-39","page","type-page","status-publish","hentry"],"_links":{"self":[{"href":"https:\/\/pribram.casd.cz\/index.php?rest_route=\/wp\/v2\/pages\/39","targetHints":{"allow":["GET"]}}],"collection":[{"href":"https:\/\/pribram.casd.cz\/index.php?rest_route=\/wp\/v2\/pages"}],"about":[{"href":"https:\/\/pribram.casd.cz\/index.php?rest_route=\/wp\/v2\/types\/page"}],"author":[{"embeddable":true,"href":"https:\/\/pribram.casd.cz\/index.php?rest_route=\/wp\/v2\/users\/1"}],"replies":[{"embeddable":true,"href":"https:\/\/pribram.casd.cz\/index.php?rest_route=%2Fwp%2Fv2%2Fcomments&post=39"}],"version-history":[{"count":13,"href":"https:\/\/pribram.casd.cz\/index.php?rest_route=\/wp\/v2\/pages\/39\/revisions"}],"predecessor-version":[{"id":1153,"href":"https:\/\/pribram.casd.cz\/index.php?rest_route=\/wp\/v2\/pages\/39\/revisions\/1153"}],"wp:attachment":[{"href":"https:\/\/pribram.casd.cz\/index.php?rest_route=%2Fwp%2Fv2%2Fmedia&parent=39"}],"curies":[{"name":"wp","href":"https:\/\/api.w.org\/{rel}","templated":true}]}}